{"id":3417,"date":"2023-06-04T09:05:31","date_gmt":"2023-06-04T09:05:31","guid":{"rendered":"http:\/\/archsuraninew.siska.sk\/?page_id=3417"},"modified":"2023-07-18T21:42:59","modified_gmt":"2023-07-18T21:42:59","slug":"o-nas","status":"publish","type":"page","link":"http:\/\/www.archsurani.sk\/index.php\/o-nas\/","title":{"rendered":"O n\u00e1s"},"content":{"rendered":"<section class=\"wpb-content-wrapper\"><p>[vc_row desctop_mt=&#8221;margin-lg-100t&#8221; tablets_mt=&#8221;margin-sm-100t&#8221; mobile_mt=&#8221;margin-xs-15t&#8221;][vc_column width=&#8221;1\/6&#8243;][vc_team team_style=&#8221;simple&#8221; image=&#8221;3363&#8243; stroke_width=&#8221;15&#8243;][\/vc_column][vc_column width=&#8221;5\/6&#8243;][vc_headings title=&#8221;Komplexn\u00e9 projektov\u00e9 slu\u017eby v oblastiach architekt\u00fara, interi\u00e9ry, urbanizmus&#8221; subtitle=&#8221;O n\u00e1s&#8221;]<\/p>\n<ul>\n<li>vyhotovenie projektovej dokument\u00e1cie v rozsahu \u0161t\u00fadia .zadanie<\/li>\n<li>projekt pre \u00fazemn\u00e9 konanie<\/li>\n<li>projekt pre stavebn\u00e9 povolenie<\/li>\n<li>projekt pre realiz\u00e1ciu stavby<\/li>\n<li>vyhotovenie\u00a0 \u00a0vizualiz\u00e1ci\u00ed\u00a0\u00a0\u00a0a\u00a0video-prech\u00e1dzok<\/li>\n<li>n\u00e1h\u013ead na objekt a\u00a0do objektu vo <strong>VR<\/strong> ( virtu\u00e1lnej realite)<\/li>\n<li>in\u017einierska \u010dinnos\u0165 , autorsk\u00fd dozor<\/li>\n<li>poradenstvo v oblasti architekt\u00fary \u00a0 a stavebn\u00edctva<\/li>\n<\/ul>\n<p>[\/vc_headings][vc_headings title=&#8221;Kolekt\u00edv st\u00e1lych spolupracovn\u00edkov&#8221; heading_size=&#8221;h2&#8243; subtitle=&#8221;O n\u00e1s&#8221;]<\/p>\n<table class=\" alignleft\" width=\"415\">\n<tbody>\n<tr>\n<td><strong>stavebn\u00e9 rie\u0161enie<\/strong><\/td>\n<td><strong>Ing. Jana Sl\u00e1vikov\u00e1<\/strong><\/td>\n<\/tr>\n<tr>\n<td><strong>statika<\/strong><\/td>\n<td><strong>Ing.Alojz Bojda , Ing.Martin B\u00e1nsky<\/strong><\/td>\n<\/tr>\n<tr>\n<td><strong>z\u00e1hradn\u00e1 architekt\u00fara<\/strong><\/td>\n<td><strong>Ing. Zolt\u00e1n Balko<\/strong><\/td>\n<\/tr>\n<tr>\n<td><strong>umeleck\u00e9 diela<\/strong><\/td>\n<td><strong>Art.mgr. Pavol Dubina<\/strong><\/td>\n<\/tr>\n<tr>\n<td><strong>vykurovanie<\/strong><\/td>\n<td><strong>Ing. Miroslav Slamka<\/strong><\/td>\n<\/tr>\n<tr>\n<td><strong>zdravotechnick\u00e9 in\u0161tal\u00e1cie<\/strong><\/td>\n<td><strong>Ing. R\u00f3bert Vitko<\/strong><\/td>\n<\/tr>\n<tr>\n<td><strong>elektroin\u0161tal\u00e1cie<\/strong><\/td>\n<td><strong>Ing. R\u00f3bert Varga<\/strong><\/td>\n<\/tr>\n<tr>\n<td><strong>rozpo\u010det stavby<\/strong><\/td>\n<td><strong>Ing. Igor Jane\u010dka<\/strong><\/td>\n<\/tr>\n<tr>\n<td><strong>In\u017einierska \u010dinnos\u0165<\/strong><\/td>\n<td><strong>Ing. Ingrida Moravcov\u00e1 , Ing. Kov\u00e1\u010d<br \/>\n<\/strong><\/td>\n<\/tr>\n<\/tbody>\n<\/table>\n<p>[\/vc_headings][\/vc_column][\/vc_row]<\/p>\n<\/section>","protected":false},"excerpt":{"rendered":"<p>[vc_row desctop_mt=&#8221;margin-lg-100t&#8221; tablets_mt=&#8221;margin-sm-100t&#8221; mobile_mt=&#8221;margin-xs-15t&#8221;][vc_column width=&#8221;1\/6&#8243;][vc_team team_style=&#8221;simple&#8221; image=&#8221;3363&#8243; stroke_width=&#8221;15&#8243;][\/vc_column][vc_column width=&#8221;5\/6&#8243;][vc_headings title=&#8221;Komplexn\u00e9 projektov\u00e9 slu\u017eby v oblastiach architekt\u00fara, interi\u00e9ry, urbanizmus&#8221; subtitle=&#8221;O n\u00e1s&#8221;] vyhotovenie<\/p>\n","protected":false},"author":1,"featured_media":0,"parent":0,"menu_order":0,"comment_status":"closed","ping_status":"closed","template":"","meta":[],"featured_image_src":null,"featured_image_src_square":null,"_links":{"self":[{"href":"http:\/\/www.archsurani.sk\/index.php\/wp-json\/wp\/v2\/pages\/3417"}],"collection":[{"href":"http:\/\/www.archsurani.sk\/index.php\/wp-json\/wp\/v2\/pages"}],"about":[{"href":"http:\/\/www.archsurani.sk\/index.php\/wp-json\/wp\/v2\/types\/page"}],"author":[{"embeddable":true,"href":"http:\/\/www.archsurani.sk\/index.php\/wp-json\/wp\/v2\/users\/1"}],"replies":[{"embeddable":true,"href":"http:\/\/www.archsurani.sk\/index.php\/wp-json\/wp\/v2\/comments?post=3417"}],"version-history":[{"count":19,"href":"http:\/\/www.archsurani.sk\/index.php\/wp-json\/wp\/v2\/pages\/3417\/revisions"}],"predecessor-version":[{"id":3471,"href":"http:\/\/www.archsurani.sk\/index.php\/wp-json\/wp\/v2\/pages\/3417\/revisions\/3471"}],"wp:attachment":[{"href":"http:\/\/www.archsurani.sk\/index.php\/wp-json\/wp\/v2\/media?parent=3417"}],"curies":[{"name":"wp","href":"https:\/\/api.w.org\/{rel}","templated":true}]}}